{"id":1787,"date":"2021-08-19T15:24:06","date_gmt":"2021-08-19T15:24:06","guid":{"rendered":"https:\/\/robertshemin.com\/politica-de-privacidad\/"},"modified":"2022-02-28T23:40:19","modified_gmt":"2022-02-28T23:40:19","slug":"politica-de-privacidad","status":"publish","type":"page","link":"https:\/\/robertshemin.com\/es\/politica-de-privacidad\/","title":{"rendered":"Pol\u00edtica de privacidad"},"content":{"rendered":"\t\t<div data-elementor-type=\"wp-page\" data-elementor-id=\"1787\" class=\"elementor elementor-1787\" data-elementor-post-type=\"page\">\n\t\t\t\t\t\t<section class=\"elementor-section elementor-top-section elementor-element elementor-element-70a7fe41 elementor-section-boxed elementor-section-height-default elementor-section-height-default\" data-id=\"70a7fe41\" data-element_type=\"section\">\n\t\t\t\t\t\t<div class=\"elementor-container elementor-column-gap-default\">\n\t\t\t\t\t<div class=\"elementor-column elementor-col-100 elementor-top-column elementor-element elementor-element-dc49522\" data-id=\"dc49522\" data-element_type=\"column\">\n\t\t\t<div class=\"elementor-widget-wrap elementor-element-populated\">\n\t\t\t\t\t\t<div class=\"elementor-element elementor-element-e7e7bb0 elementor-widget elementor-widget-text-editor\" data-id=\"e7e7bb0\" data-element_type=\"widget\" data-widget_type=\"text-editor.default\">\n\t\t\t\t<div class=\"elementor-widget-container\">\n\t\t\t\t\t\t\t\t\t\n<section class=\"elementor-section elementor-top-section elementor-element elementor-element-25305ad elementor-section-boxed elementor-section-height-default elementor-section-height-default\" data-id=\"25305ad\" data-element_type=\"section\">\n<div class=\"elementor-container elementor-column-gap-default\">\n<div class=\"elementor-row\">\n<div class=\"elementor-column elementor-col-100 elementor-top-column elementor-element elementor-element-34cca48\" data-id=\"34cca48\" data-element_type=\"column\">\n<div class=\"elementor-column-wrap elementor-element-populated\">\n<div class=\"elementor-widget-wrap\">\n<div class=\"elementor-element elementor-element-b791009 elementor-widget elementor-widget-heading\" data-id=\"b791009\" data-element_type=\"widget\" data-widget_type=\"heading.default\">\n<div class=\"elementor-widget-container\">\n<h2 class=\"elementor-heading-title elementor-size-xl\"><span style=\"color: #0a0a0a;\">Pol\u00edtica de privacidad<\/span><\/h2>\n<p> <\/p>\n<\/div>\n<\/div>\n<\/div>\n<\/div>\n<\/div>\n<\/div>\n<\/div>\n<\/section>\n<p style=\"font-weight: 400;\"><span style=\"font-weight: 400;\">Su privacidad es muy importante para nosotros. Para demostrar nuestro firme compromiso con la transparencia total y las mejores pr\u00e1cticas comerciales, hemos desarrollado la siguiente Pol\u00edtica de Privacidad.<\/span><\/p>\n<p style=\"font-weight: 400;\"><span style=\"font-weight: 400;\">Esta Pol\u00edtica de privacidad establece la pol\u00edtica de Robert Shemin Worldwide, LLC. (junto con sus subsidiarias, \u00abla Compa\u00f1\u00eda\u00bb, \u00abnosotros\u00bb, \u00abnosotros\u00bb o \u00abnuestro\u00bb) con respecto a la recopilaci\u00f3n, el manejo y el almacenamiento de la informaci\u00f3n del usuario recopilada mediante el uso de Robert Shemin.com y\/o cualquier otro sitio web relacionado que enlaza con esta Pol\u00edtica de privacidad (el \u201cSitio web\u201d). Lea atentamente esta Pol\u00edtica de privacidad para comprender c\u00f3mo procesamos su informaci\u00f3n. Esta Pol\u00edtica de privacidad se actualiz\u00f3 por \u00faltima vez el 24\/08\/2020.<\/span><\/p>\n<p style=\"font-weight: 400;\"><b>Informacion personal<\/b><\/p>\n<p style=\"font-weight: 400;\"><span style=\"font-weight: 400;\">Informaci\u00f3n que podemos recopilar. Dependiendo de las circunstancias, podemos recopilar y mantener una variedad de informaci\u00f3n diferente sobre usted, que incluye, entre otros, el nombre y la informaci\u00f3n de contacto o la informaci\u00f3n de facturaci\u00f3n (\u00abInformaci\u00f3n personal\u00bb). El tipo de informaci\u00f3n que recopilamos puede depender de si usted es un visitante del sitio web (\u00abVisitantes\u00bb), o ha comprado un producto o servicio y\/o pagado una tarifa mensual para suscribirse a nuestros servicios (\u00abMiembros\u00bb). Por ejemplo, a los Miembros que se registren para usar nuestros servicios se les pedir\u00e1 que proporcionen Informaci\u00f3n personal, como nombre, direcci\u00f3n, n\u00famero de tel\u00e9fono, direcci\u00f3n de correo electr\u00f3nico e informaci\u00f3n de facturaci\u00f3n (como el n\u00famero de tarjeta de cr\u00e9dito y la direcci\u00f3n de facturaci\u00f3n).<\/span><\/p>\n<p style=\"font-weight: 400;\"><span style=\"font-weight: 400;\">C\u00f3mo recopilamos informaci\u00f3n personal. La Compa\u00f1\u00eda recopila informaci\u00f3n de visitantes y miembros de diferentes maneras, incluso cuando nos proporciona informaci\u00f3n cuando se registra para un evento, completa una encuesta, compra un producto o servicio, crea una cuenta, se registra para un servicio, se suscribe a nuestros boletines o cat\u00e1logos, o cont\u00e1ctenos con una consulta o solicitud. Nos reservamos el derecho de combinar la informaci\u00f3n personal recopilada del sitio web con cualquier otra informaci\u00f3n que recopilemos.<\/span><\/p>\n<p style=\"font-weight: 400;\"><span style=\"font-weight: 400;\">C\u00f3mo podemos usar la informaci\u00f3n personal. Podemos usar informaci\u00f3n personal:<\/span><\/p>\n<p style=\"font-weight: 400;\"><span style=\"font-weight: 400;\">Para presentarle el sitio web a usted y a otros, incluido el contenido, las caracter\u00edsticas, las aplicaciones y las funcionalidades disponibles a trav\u00e9s del sitio web.<\/span><\/p>\n<p style=\"font-weight: 400;\"><span style=\"font-weight: 400;\">Para facilitar el registro en nuestros servicios. La informaci\u00f3n personal recopilada de los miembros durante el proceso de registro se utiliza para administrar la cuenta de cada miembro (por ejemplo, con fines de facturaci\u00f3n).<\/span><\/p>\n<p style=\"font-weight: 400;\"><span style=\"font-weight: 400;\">Para facilitar la compra de nuestros productos y servicios. Si solicita servicios o productos directamente de la Compa\u00f1\u00eda, utilizaremos la Informaci\u00f3n personal que proporcione para procesar ese pedido.<\/span><\/p>\n<p style=\"font-weight: 400;\"><span style=\"font-weight: 400;\">Proporcionar a los miembros avisos sobre sus cuentas y comunicarse con usted sobre la disponibilidad del sitio web, la seguridad y otros temas relacionados con el sitio web, y enviarle informaci\u00f3n administrativa, por ejemplo, informaci\u00f3n sobre el sitio web y cambios en nuestros t\u00e9rminos y condiciones. y pol\u00edticas.<\/span><\/p>\n<p style=\"font-weight: 400;\"><span style=\"font-weight: 400;\">Para responder consultas por correo electr\u00f3nico. Cuando los visitantes o miembros nos env\u00edan consultas por correo electr\u00f3nico, la direcci\u00f3n de correo electr\u00f3nico de respuesta se utiliza para responder a la consulta por correo electr\u00f3nico que recibimos.<\/span><\/p>\n<p style=\"font-weight: 400;\"><span style=\"font-weight: 400;\">Para llevar a cabo an\u00e1lisis, investigaci\u00f3n y desarrollo para mejorar el sitio web y nuestros productos y servicios, brindarle a usted y a otros servicios mejorados y personalizar su experiencia con el sitio web y los servicios.<\/span><\/p>\n<p style=\"font-weight: 400;\"><span style=\"font-weight: 400;\">Para nuestros fines comerciales internos, como an\u00e1lisis de datos, auditor\u00edas, monitoreo y prevenci\u00f3n de fraudes, desarrollo de nuevos sitios web, productos y servicios, mejora, mejora o modificaci\u00f3n de nuestros servicios, identificaci\u00f3n de tendencias de uso, realizaci\u00f3n de estudios y an\u00e1lisis de los resultados de los estudios, y operaci\u00f3n y ampliar nuestras actividades comerciales.<\/span><\/p>\n<p style=\"font-weight: 400;\"><span style=\"font-weight: 400;\">Si razonablemente creemos que es necesario o apropiado: (i) bajo la ley aplicable; (ii) para cumplir con procesos legales; (iii) para atender solicitudes de autoridades p\u00fablicas y gubernamentales; (iv) para hacer cumplir nuestros t\u00e9rminos y condiciones; (v) para proteger nuestras operaciones o las de cualquiera de nuestras afiliadas; (vi) para proteger nuestros derechos, privacidad, seguridad o propiedad, y\/o los de nuestros afiliados, usted u otros; o (vii) para permitirnos buscar los recursos disponibles o limitar los da\u00f1os que podamos sufrir.<\/span><\/p>\n<p style=\"font-weight: 400;\"><span style=\"font-weight: 400;\">De cualquier otra manera que podamos describirle cuando proporcione la Informaci\u00f3n personal.<\/span><\/p>\n<p style=\"font-weight: 400;\"><span style=\"font-weight: 400;\">C\u00f3mo se puede divulgar la informaci\u00f3n personal<\/span><\/p>\n<p style=\"font-weight: 400;\"><span style=\"font-weight: 400;\">A nuestros empleados, afiliados o terceros que nos brindan servicios, incluidos proveedores de servicios y contratistas que nos ayudan con los fines para los que usamos su Informaci\u00f3n personal. En los casos en que la Compa\u00f1\u00eda y un socio promuevan servicios de manera conjunta, podemos proporcionarle al socio cierta Informaci\u00f3n personal, como el nombre, la direcci\u00f3n y el nombre de usuario de las personas que se suscribieron a los servicios como resultado de la promoci\u00f3n conjunta con el \u00fanico prop\u00f3sito de permitir nosotros y el socio para evaluar los resultados de la promoci\u00f3n.<\/span><\/p>\n<p style=\"font-weight: 400;\"><span style=\"font-weight: 400;\">Algunos productos y servicios pueden ofrecerse a Visitantes y Miembros junto con un afiliado, un vendedor contratista independiente o un socio no afiliado, incluidos aquellos que brindan software de inversi\u00f3n inmobiliaria y servicios comerciales. Para proporcionar a los Visitantes y Miembros algunos de estos productos y servicios, es posible que el socio deba recopilar y mantener Informaci\u00f3n personal.<\/span><\/p>\n<p style=\"font-weight: 400;\"><span style=\"font-weight: 400;\">A terceros para facilitar o implementar una transferencia\/venta de la totalidad o parte de nuestros activos o negocios, o en el caso de cualquier reorganizaci\u00f3n, fusi\u00f3n, venta, empresa conjunta, cesi\u00f3n, transferencia u otra disposici\u00f3n de la totalidad o parte de nuestro negocio , activos o acciones (incluso en relaci\u00f3n con cualquier quiebra o procedimiento similar).<\/span><\/p>\n<p style=\"font-weight: 400;\"><span style=\"font-weight: 400;\">Si razonablemente creemos que es necesario o apropiado: (i) bajo la ley aplicable; (ii) para cumplir con procesos legales; (iii) para atender solicitudes de autoridades p\u00fablicas y gubernamentales; (iv) para hacer cumplir nuestros t\u00e9rminos y condiciones; (v) para proteger nuestras operaciones o las de cualquiera de nuestras afiliadas; (vi) para proteger nuestros derechos, privacidad, seguridad o propiedad, y\/o los de nuestros afiliados, usted u otros; o (vii) para permitirnos buscar los recursos disponibles o limitar los da\u00f1os que podamos sufrir.<\/span><\/p>\n<p style=\"font-weight: 400;\"><span style=\"font-weight: 400;\">De cualquier otra manera que podamos describirle cuando proporcione la Informaci\u00f3n personal.<\/span><\/p>\n<p style=\"font-weight: 400;\"><b>Darse de baja de la comunicaci\u00f3n por correo electr\u00f3nico<\/b><\/p>\n<p style=\"font-weight: 400;\"><span style=\"font-weight: 400;\">Puede darse de baja de las comunicaciones por correo electr\u00f3nico en cualquier momento utilizando el enlace que se encuentra en la parte inferior de todos nuestros correos electr\u00f3nicos o enviando un correo electr\u00f3nico a info@robertshemin.com.<\/span><\/p>\n<p style=\"font-weight: 400;\"><b>Otra informaci\u00f3n<\/b><\/p>\n<p style=\"font-weight: 400;\"><span style=\"font-weight: 400;\">Otra informaci\u00f3n que podemos recopilar: \u00abOtra informaci\u00f3n\u00bb es cualquier informaci\u00f3n que no revela su identidad espec\u00edfica o que no se relaciona directamente con personas identificables, como: informaci\u00f3n del navegador y del dispositivo; direcci\u00f3n de Protocolo de Internet (\u201cIP\u201d); p\u00e1ginas visitadas; tiempo promedio de permanencia en el sitio web; informaci\u00f3n recopilada a trav\u00e9s de cookies y otras tecnolog\u00edas; e informaci\u00f3n agregada.<\/span><\/p>\n<p style=\"font-weight: 400;\"><span style=\"font-weight: 400;\">C\u00f3mo podemos recopilar otra informaci\u00f3n. Podemos recopilar otra informaci\u00f3n de varias maneras, que incluyen:<\/span><\/p>\n<p style=\"font-weight: 400;\"><span style=\"font-weight: 400;\">A trav\u00e9s de su uso del sitio web. Cuando visita el sitio web, podemos rastrear y recopilar datos de uso del sitio web, como su historial de b\u00fasqueda.<\/span><\/p>\n<p style=\"font-weight: 400;\"><span style=\"font-weight: 400;\">A trav\u00e9s de cookies y otras tecnolog\u00edas. Una \u00abcookie\u00bb es un peque\u00f1o archivo de datos que se puede colocar en su disco duro cuando visita ciertos sitios web. La Compa\u00f1\u00eda puede usar cookies para recopilar, almacenar y, a veces, rastrear informaci\u00f3n con fines estad\u00edsticos para mejorar los productos y servicios que brindamos y para administrar nuestras redes de telecomunicaciones. Si usted es un Visitante o Miembro, podemos usar una cookie para guardar su configuraci\u00f3n y brindar servicios personalizables y personalizables. Para obtener m\u00e1s informaci\u00f3n sobre las cookies, incluida informaci\u00f3n sobre qu\u00e9 cookies se han configurado en su computadora y c\u00f3mo se pueden administrar y eliminar las cookies, visite https:\/\/www.ftc.gov\/site-information\/privacy-policy\/internet-cookies.<\/span><\/p>\n<p style=\"font-weight: 400;\"><span style=\"font-weight: 400;\">Los anunciantes y socios tambi\u00e9n pueden usar sus propias cookies. No controlamos el uso de estas cookies y renunciamos expresamente a la responsabilidad por la informaci\u00f3n recopilada a trav\u00e9s de ellas.<\/span><\/p>\n<p style=\"font-weight: 400;\"><span style=\"font-weight: 400;\">Direcci\u00f3n IP. Su direcci\u00f3n IP es un n\u00famero que su proveedor de servicios de Internet (ISP) asigna autom\u00e1ticamente a la computadora que est\u00e1 utilizando. Una direcci\u00f3n IP puede identificarse y registrarse autom\u00e1ticamente en los archivos de registro de nuestro servidor cada vez que un usuario accede al sitio web, junto con la hora de la visita y la(s) p\u00e1gina(s) visitada(s). La recopilaci\u00f3n de direcciones IP es una pr\u00e1ctica est\u00e1ndar y muchos sitios web, aplicaciones y otros servicios la realizan autom\u00e1ticamente. Podemos usar las direcciones IP para fines como calcular los niveles de uso del sitio web, ayudar a diagnosticar problemas del servidor y administrar el sitio web y sus servicios asociados.<\/span><\/p>\n<p style=\"font-weight: 400;\"><span style=\"font-weight: 400;\">De ti. La informaci\u00f3n, como su medio de comunicaci\u00f3n preferido, se recopila cuando proporciona voluntariamente esta informaci\u00f3n.<\/span><\/p>\n<p style=\"font-weight: 400;\"><span style=\"font-weight: 400;\">Agregando informaci\u00f3n. La informaci\u00f3n personal agregada no lo identifica personalmente a usted ni a ning\u00fan otro usuario del sitio web.<\/span><\/p>\n<p style=\"font-weight: 400;\"><span style=\"font-weight: 400;\">C\u00f3mo podemos usar y divulgar otra informaci\u00f3n.<\/span><\/p>\n<p style=\"font-weight: 400;\"><span style=\"font-weight: 400;\">Podemos usar y divulgar Otra informaci\u00f3n para cualquier fin l\u00edcito, como fines de investigaci\u00f3n, informes y an\u00e1lisis, y para mejorar el sitio web.<\/span><\/p>\n<p style=\"font-weight: 400;\"><span style=\"font-weight: 400;\">La empresa puede compartir informaci\u00f3n agregada y no identificable sobre nuestros Visitantes y Miembros recopilada a trav\u00e9s del proceso de registro, as\u00ed como a trav\u00e9s de encuestas y promociones en l\u00ednea con los anunciantes. Adem\u00e1s, en algunos casos, utilizamos esta informaci\u00f3n agregada y no identificable para ofrecer anuncios personalizados o empresas conjuntas. Adem\u00e1s, nuestros socios pueden tener anuncios o p\u00e1ginas web de marca compartida copatrocinados por un afiliado, un vendedor contratista independiente o un socio no afiliado. Podemos compartir informaci\u00f3n no identificable y agregada con dichos socios para administrar los productos o servicios de marca compartida que se ofrecen.<\/span><\/p>\n<p style=\"font-weight: 400;\"><span style=\"font-weight: 400;\">Si estamos obligados a tratar Otra informaci\u00f3n como Informaci\u00f3n personal seg\u00fan la ley aplicable, entonces podemos usarla para todos los fines para los que usamos y divulgamos Informaci\u00f3n personal.<\/span><\/p>\n<p style=\"font-weight: 400;\"><span style=\"font-weight: 400;\">En algunos casos, podemos combinar otra informaci\u00f3n con informaci\u00f3n personal (por ejemplo, combinando informaci\u00f3n no identificable, como el estado de un usuario con el nombre del usuario). Si combinamos cualquier otra informaci\u00f3n e informaci\u00f3n personal, trataremos la informaci\u00f3n combinada como informaci\u00f3n personal siempre que se combine.<\/span><\/p>\n<p style=\"font-weight: 400;\"><b>Servicios de terceros<\/b><\/p>\n<p style=\"font-weight: 400;\"><span style=\"font-weight: 400;\">Esta Pol\u00edtica de privacidad no aborda, y no somos responsables de, la privacidad, la informaci\u00f3n u otras pr\u00e1cticas de terceros, incluidos nuestros otros usuarios del sitio web o cualquier tercero que opere cualquier sitio o servicio al que el sitio web se vincule o desde el que se vincule. . La inclusi\u00f3n de un enlace en el sitio web no implica la aprobaci\u00f3n del sitio o servicio vinculado por nosotros o nuestros afiliados.<\/span><\/p>\n<p style=\"font-weight: 400;\"><b>Seguridad<\/b><\/p>\n<p style=\"font-weight: 400;\"><span style=\"font-weight: 400;\">Hemos implementado medidas dise\u00f1adas para proteger su informaci\u00f3n personal de p\u00e9rdidas accidentales y del acceso, uso, alteraci\u00f3n y divulgaci\u00f3n no autorizados. La seguridad y protecci\u00f3n de su informaci\u00f3n tambi\u00e9n depende de usted. Cuando le hayamos proporcionado (o haya elegido) una contrase\u00f1a para acceder a ciertas partes de nuestro sitio web, usted es responsable de mantener la confidencialidad de esta contrase\u00f1a. Desafortunadamente, la transmisi\u00f3n de informaci\u00f3n a trav\u00e9s de Internet no es completamente segura y no podemos garantizar la seguridad de su informaci\u00f3n personal transmitida a nuestro sitio web.<\/span><\/p>\n<p style=\"font-weight: 400;\"><b>Uso de Servicios por Menores<\/b><\/p>\n<p style=\"font-weight: 400;\"><span style=\"font-weight: 400;\">Este sitio web no est\u00e1 destinado al uso de personas menores de 18 a\u00f1os, y solicitamos que estas personas no proporcionen informaci\u00f3n personal a trav\u00e9s del sitio web o cualquier servicio asociado. La Compa\u00f1\u00eda no recopila ni mantiene a sabiendas informaci\u00f3n personal de personas menores de 18 a\u00f1os.<\/span><\/p>\n<p style=\"font-weight: 400;\"><b>Cont\u00e1ctenos<\/b><\/p>\n<p style=\"font-weight: 400;\"><span style=\"font-weight: 400;\">Si tiene alguna pregunta sobre esta Pol\u00edtica de privacidad o las pr\u00e1cticas descritas en este documento, o si tiene alguna inquietud relacionada con la privacidad, comun\u00edquese con nosotros a trav\u00e9s de:<\/span><\/p>\n<p style=\"font-weight: 400;\"><b>Robert Shemin en todo el mundo, LLC<\/b><\/p>\n<p style=\"font-weight: 400;\"><span style=\"font-weight: 400;\">Atenci\u00f3n: Departamento de Cumplimiento<\/span><\/p>\n<p style=\"font-weight: 400;\"><span style=\"font-weight: 400;\">Correo electr\u00f3nico: info@robertshemin.com<\/span><\/p>\n<p style=\"font-weight: 400;\"><b>Divulgaci\u00f3n de no rastrear<\/b><\/p>\n<p style=\"font-weight: 400;\"><span style=\"font-weight: 400;\">Como no rastreamos la actividad de nuestros usuarios en sitios web de terceros, no respondemos a las se\u00f1ales de \u00abNo rastrear\u00bb.<\/span><\/p>\n<p style=\"font-weight: 400;\"><b>Actualizaciones a esta pol\u00edtica de privacidad<\/b><\/p>\n<p style=\"font-weight: 400;\"><span style=\"font-weight: 400;\">Podemos cambiar esta Pol\u00edtica de privacidad notific\u00e1ndole dichos cambios por cualquier medio razonable, incluida la publicaci\u00f3n de una Pol\u00edtica de privacidad revisada en el sitio web.<\/span><\/p>\n<p style=\"font-weight: 400;\"><span style=\"font-weight: 400;\">Cualquier cambio a esta Pol\u00edtica de privacidad entrar\u00e1 en vigencia al publicar la Pol\u00edtica de privacidad revisada en el sitio web. La fecha de \u00ab\u00faltima actualizaci\u00f3n\u00bb anterior indica cu\u00e1ndo se modific\u00f3 por \u00faltima vez esta Pol\u00edtica de privacidad.<\/span><\/p>\n<p style=\"font-weight: 400;\"><span style=\"font-weight: 400;\">Copyright \u00a9 2020 Robert Shemin Worldwide LLC. Todos los derechos reservados. <\/span><\/p>\n\t\t\t\t\t\t\t\t<\/div>\n\t\t\t\t<\/div>\n\t\t\t\t\t<\/div>\n\t\t<\/div>\n\t\t\t\t\t<\/div>\n\t\t<\/section>\n\t\t\t\t<\/div>\n\t\t","protected":false},"excerpt":{"rendered":"<p>Pol\u00edtica de privacidad Su privacidad es muy importante para nosotros. Para demostrar nuestro firme compromiso con la transparencia total y las mejores pr\u00e1cticas comerciales, hemos desarrollado la siguiente Pol\u00edtica de Privacidad. Esta Pol\u00edtica de privacidad establece la pol\u00edtica de Robert Shemin Worldwide, LLC. (junto con sus subsidiarias, \u00abla Compa\u00f1\u00eda\u00bb, \u00abnosotros\u00bb, \u00abnosotros\u00bb o \u00abnuestro\u00bb) con respecto [&hellip;]<\/p>\n","protected":false},"author":1,"featured_media":0,"parent":0,"menu_order":0,"comment_status":"closed","ping_status":"open","template":"","meta":{"footnotes":""},"class_list":["post-1787","page","type-page","status-publish","hentry"],"_links":{"self":[{"href":"https:\/\/robertshemin.com\/es\/wp-json\/wp\/v2\/pages\/1787","targetHints":{"allow":["GET"]}}],"collection":[{"href":"https:\/\/robertshemin.com\/es\/wp-json\/wp\/v2\/pages"}],"about":[{"href":"https:\/\/robertshemin.com\/es\/wp-json\/wp\/v2\/types\/page"}],"author":[{"embeddable":true,"href":"https:\/\/robertshemin.com\/es\/wp-json\/wp\/v2\/users\/1"}],"replies":[{"embeddable":true,"href":"https:\/\/robertshemin.com\/es\/wp-json\/wp\/v2\/comments?post=1787"}],"version-history":[{"count":3,"href":"https:\/\/robertshemin.com\/es\/wp-json\/wp\/v2\/pages\/1787\/revisions"}],"predecessor-version":[{"id":1790,"href":"https:\/\/robertshemin.com\/es\/wp-json\/wp\/v2\/pages\/1787\/revisions\/1790"}],"wp:attachment":[{"href":"https:\/\/robertshemin.com\/es\/wp-json\/wp\/v2\/media?parent=1787"}],"curies":[{"name":"wp","href":"https:\/\/api.w.org\/{rel}","templated":true}]}}