{"id":1781,"date":"2021-08-20T13:58:45","date_gmt":"2021-08-20T13:58:45","guid":{"rendered":"https:\/\/robertshemin.com\/divulgacion-de-ganancias\/"},"modified":"2022-02-28T23:32:06","modified_gmt":"2022-02-28T23:32:06","slug":"divulgacion-de-ganancias","status":"publish","type":"page","link":"https:\/\/robertshemin.com\/es\/divulgacion-de-ganancias\/","title":{"rendered":"Divulgaci\u00f3n de ganancias"},"content":{"rendered":"\t\t<div data-elementor-type=\"wp-page\" data-elementor-id=\"1781\" class=\"elementor elementor-1781\" data-elementor-post-type=\"page\">\n\t\t\t\t\t\t<section class=\"elementor-section elementor-top-section elementor-element elementor-element-70a7fe41 elementor-section-boxed elementor-section-height-default elementor-section-height-default\" data-id=\"70a7fe41\" data-element_type=\"section\">\n\t\t\t\t\t\t<div class=\"elementor-container elementor-column-gap-default\">\n\t\t\t\t\t<div class=\"elementor-column elementor-col-100 elementor-top-column elementor-element elementor-element-dc49522\" data-id=\"dc49522\" data-element_type=\"column\">\n\t\t\t<div class=\"elementor-widget-wrap elementor-element-populated\">\n\t\t\t\t\t\t<div class=\"elementor-element elementor-element-e7e7bb0 elementor-widget elementor-widget-text-editor\" data-id=\"e7e7bb0\" data-element_type=\"widget\" data-widget_type=\"text-editor.default\">\n\t\t\t\t<div class=\"elementor-widget-container\">\n\t\t\t\t\t\t\t\t\t\n<section class=\"elementor-section elementor-top-section elementor-element elementor-element-25305ad elementor-section-boxed elementor-section-height-default elementor-section-height-default\" data-id=\"25305ad\" data-element_type=\"section\">\n<div class=\"elementor-container elementor-column-gap-default\">\n<div class=\"elementor-row\">\n<div class=\"elementor-column elementor-col-100 elementor-top-column elementor-element elementor-element-34cca48\" data-id=\"34cca48\" data-element_type=\"column\">\n<div class=\"elementor-column-wrap elementor-element-populated\">\n<div class=\"elementor-widget-wrap\">\n<div class=\"elementor-element elementor-element-b791009 elementor-widget elementor-widget-heading\" data-id=\"b791009\" data-element_type=\"widget\" data-widget_type=\"heading.default\">\n<div class=\"elementor-widget-container\">\n<section class=\"elementor-section elementor-top-section elementor-element elementor-element-6f769d2 elementor-section-boxed elementor-section-height-default elementor-section-height-default\" data-id=\"6f769d2\" data-element_type=\"section\">\n<div class=\"elementor-container elementor-column-gap-default\">\n<div class=\"elementor-row\">\n<div class=\"elementor-column elementor-col-100 elementor-top-column elementor-element elementor-element-82d76b9\" data-id=\"82d76b9\" data-element_type=\"column\">\n<div class=\"elementor-column-wrap elementor-element-populated\">\n<div class=\"elementor-widget-wrap\">\n<div class=\"elementor-element elementor-element-3a30092 elementor-widget elementor-widget-heading\" data-id=\"3a30092\" data-element_type=\"widget\" data-widget_type=\"heading.default\">\n<div class=\"elementor-widget-container\">\n<section class=\"elementor-section elementor-top-section elementor-element elementor-element-903b935 elementor-section-boxed elementor-section-height-default elementor-section-height-default\" data-id=\"903b935\" data-element_type=\"section\">\n<div class=\"elementor-container elementor-column-gap-default\">\n<div class=\"elementor-row\">\n<div class=\"elementor-column elementor-col-100 elementor-top-column elementor-element elementor-element-a4231c9\" data-id=\"a4231c9\" data-element_type=\"column\">\n<div class=\"elementor-column-wrap elementor-element-populated\">\n<div class=\"elementor-widget-wrap\">\n<div class=\"elementor-element elementor-element-5d88cd8 elementor-widget elementor-widget-heading\" data-id=\"5d88cd8\" data-element_type=\"widget\" data-widget_type=\"heading.default\">\n<div class=\"elementor-widget-container\">\n<h2 class=\"elementor-heading-title elementor-size-xl\"><span style=\"color: #0a0a0a;\">Divulgaci\u00f3n de ganancias<\/span><\/h2>\n<p> <\/p>\n<\/div>\n<\/div>\n<\/div>\n<\/div>\n<\/div>\n<\/div>\n<\/div>\n<\/section>\n<\/div>\n<\/div>\n<\/div>\n<\/div>\n<\/div>\n<\/div>\n<\/div>\n<\/section>\n<\/div>\n<\/div>\n<\/div>\n<\/div>\n<\/div>\n<\/div>\n<\/div>\n<\/section>\n<p dir=\"ltr\">CUALQUIER GANANCIA O DECLARACI\u00d3N DE INGRESOS, O EJEMPLOS DE GANANCIAS O INGRESOS, SON S\u00d3LO ESTIMACIONES DE LO QUE CREEMOS QUE USTED PODR\u00cdA GANAR. NO HAY GARANT\u00cdA DE QUE USTED LO HAR\u00c1 TAMBI\u00c9N. SI USTED CONF\u00cdA EN NUESTRAS CIFRAS, DEBE ACEPTAR EL RIESGO DE NO HACERLO BIEN.<\/p>\n<p dir=\"ltr\">CUANDO SE UTILIZAN CIFRAS DE INGRESOS ESPEC\u00cdFICOS Y SE ATRIBUYEN A UN INDIVIDUO O NEGOCIO, DICHAS PERSONAS O NEGOCIOS HAN GANADO ESE MONTO. NO HAY GARANT\u00cdA DE QUE USTED LO HAR\u00c1 TAMBI\u00c9N. SI CONF\u00cdAS EN NUESTRAS CIFRAS; DEBE ACEPTAR EL RIESGO DE NO HACERLO BIEN.<\/p>\n<p dir=\"ltr\">CUALQUIERA Y TODAS LAS RECLAMACIONES O DECLARACIONES, EN CUANTO A LAS GANANCIAS DE INGRESOS EN ESTE SITIO WEB, NO DEBEN CONSIDERARSE COMO GANANCIAS PROMEDIO.<\/p>\n<p dir=\"ltr\">NO PUEDE HABER GARANT\u00cdA DE QUE CUALQUIER \u00c9XITO ANTERIOR O RESULTADOS PASADOS, EN CUANTO A LAS GANANCIAS DE INGRESOS, PUEDAN UTILIZARSE COMO UNA INDICACI\u00d3N DE SU \u00c9XITO O RESULTADOS FUTUROS.<\/p>\n<p dir=\"ltr\">LOS RESULTADOS MONETARIOS Y DE INGRESOS SE BASAN EN MUCHOS FACTORES. NO TENEMOS FORMA DE SABER LO BIEN QUE LO HAR\u00c1, YA QUE NO CONOCEMOS SUS ANTECEDENTES, SU \u00c9TICA DE TRABAJO O SUS HABILIDADES O PR\u00c1CTICAS COMERCIALES. POR LO TANTO, NO GARANTIZAMOS NI IMPLICITAMOS QUE SE HAR\u00c1 RICO, QUE LO HAR\u00c1 TAMBI\u00c9N, O QUE GANAR\u00c1 DINERO EN ABSOLUTO. NO HAY GARANT\u00cdA DE QUE USTED LO HAR\u00c1 TAMBI\u00c9N. SI CONF\u00cdAS EN NUESTRAS CIFRAS; DEBE ACEPTAR EL RIESGO DE NO HACERLO BIEN.<\/p>\n<p dir=\"ltr\">LOS NEGOCIOS DE INTERNET Y LAS GANANCIAS DERIVADAS DE ELLOS TIENEN RIESGOS DESCONOCIDOS Y NO SON ADECUADOS PARA TODOS. TOMAR DECISIONES BASADA EN CUALQUIER INFORMACI\u00d3N PRESENTADA EN NUESTROS PRODUCTOS, SERVICIOS O SITIO WEB DEBE REALIZARSE \u00daNICAMENTE CON EL CONOCIMIENTO DE QUE PODR\u00cdA EXPERIMENTAR P\u00c9RDIDAS SIGNIFICATIVAS O NO GANAR DINERO EN ABSOLUTO.<\/p>\n<p dir=\"ltr\">TODOS LOS PRODUCTOS Y SERVICIOS DE NUESTRA COMPA\u00d1\u00cdA SON PARA FINES EDUCATIVOS E INFORMATIVOS \u00daNICAMENTE. TENGA PRECAUCI\u00d3N Y BUSCAR EL ASESORAMIENTO DE PROFESIONALES CUALIFICADOS. CONSULTE CON SU CONTADOR, ABOGADO O ASESOR PROFESIONAL, ANTES DE ACTUAR SOBRE ESTA O CUALQUIER INFORMACI\u00d3N.<\/p>\n<p dir=\"ltr\">SE RECOMIENDA A LOS USUARIOS DE NUESTROS PRODUCTOS, SERVICIOS Y SITIO WEB QUE HAGAN SU PROPIA DILIGENCIA DEBIDA A LA HORA DE TOMAR DECISIONES COMERCIALES Y TODA LA INFORMACI\u00d3N, PRODUCTOS Y SERVICIOS QUE SE HAYAN PROPORCIONADO DEBEN SER VERIFICADOS DE FORMA INDEPENDIENTE POR SUS PROPIOS PROFESIONALES CALIFICADOS. NUESTRA INFORMACI\u00d3N, PRODUCTOS Y SERVICIOS EN ESTE SITIO WEB DEBEN CONSIDERARSE Y EVALUARSE DETENIDAMENTE, ANTES DE TOMAR UNA DECISI\u00d3N COMERCIAL, SOBRE SI CONFIAR EN ELLOS.<\/p>\n<p dir=\"ltr\">USTED ACEPTA QUE NUESTRA EMPRESA NO ES RESPONSABLE DEL \u00c9XITO O EL FRACASO DE SUS DECISIONES COMERCIALES RELACIONADAS CON CUALQUIER INFORMACI\u00d3N PRESENTADA POR NUESTRA EMPRESA O LOS PRODUCTOS O SERVICIOS DE NUESTRA EMPRESA.<\/p>\n<p dir=\"ltr\">Actualizado: 24 de agosto de 2020<\/p>\n<p dir=\"ltr\">                   <\/p>\n<p dir=\"ltr\"> Copyright \u00a9 2020 Robert Shemin Worldwide LLC. Reservados todos los derechos.<\/p>\n\t\t\t\t\t\t\t\t<\/div>\n\t\t\t\t<\/div>\n\t\t\t\t\t<\/div>\n\t\t<\/div>\n\t\t\t\t\t<\/div>\n\t\t<\/section>\n\t\t\t\t<\/div>\n\t\t","protected":false},"excerpt":{"rendered":"<p>Divulgaci\u00f3n de ganancias CUALQUIER GANANCIA O DECLARACI\u00d3N DE INGRESOS, O EJEMPLOS DE GANANCIAS O INGRESOS, SON S\u00d3LO ESTIMACIONES DE LO QUE CREEMOS QUE USTED PODR\u00cdA GANAR. NO HAY GARANT\u00cdA DE QUE USTED LO HAR\u00c1 TAMBI\u00c9N. SI USTED CONF\u00cdA EN NUESTRAS CIFRAS, DEBE ACEPTAR EL RIESGO DE NO HACERLO BIEN. CUANDO SE UTILIZAN CIFRAS DE INGRESOS [&hellip;]<\/p>\n","protected":false},"author":1,"featured_media":0,"parent":0,"menu_order":0,"comment_status":"closed","ping_status":"closed","template":"","meta":{"footnotes":""},"class_list":["post-1781","page","type-page","status-publish","hentry"],"_links":{"self":[{"href":"https:\/\/robertshemin.com\/es\/wp-json\/wp\/v2\/pages\/1781","targetHints":{"allow":["GET"]}}],"collection":[{"href":"https:\/\/robertshemin.com\/es\/wp-json\/wp\/v2\/pages"}],"about":[{"href":"https:\/\/robertshemin.com\/es\/wp-json\/wp\/v2\/types\/page"}],"author":[{"embeddable":true,"href":"https:\/\/robertshemin.com\/es\/wp-json\/wp\/v2\/users\/1"}],"replies":[{"embeddable":true,"href":"https:\/\/robertshemin.com\/es\/wp-json\/wp\/v2\/comments?post=1781"}],"version-history":[{"count":3,"href":"https:\/\/robertshemin.com\/es\/wp-json\/wp\/v2\/pages\/1781\/revisions"}],"predecessor-version":[{"id":1784,"href":"https:\/\/robertshemin.com\/es\/wp-json\/wp\/v2\/pages\/1781\/revisions\/1784"}],"wp:attachment":[{"href":"https:\/\/robertshemin.com\/es\/wp-json\/wp\/v2\/media?parent=1781"}],"curies":[{"name":"wp","href":"https:\/\/api.w.org\/{rel}","templated":true}]}}