{"id":1777,"date":"2021-08-20T14:21:14","date_gmt":"2021-08-20T14:21:14","guid":{"rendered":"https:\/\/robertshemin.com\/descargo-de-responsabilidad\/"},"modified":"2022-02-28T23:30:09","modified_gmt":"2022-02-28T23:30:09","slug":"descargo-de-responsabilidad","status":"publish","type":"page","link":"https:\/\/robertshemin.com\/es\/descargo-de-responsabilidad\/","title":{"rendered":"Descargo de responsabilidad"},"content":{"rendered":"\t\t<div data-elementor-type=\"wp-page\" data-elementor-id=\"1777\" class=\"elementor elementor-1777\" data-elementor-post-type=\"page\">\n\t\t\t\t\t\t<section class=\"elementor-section elementor-top-section elementor-element elementor-element-70a7fe41 elementor-section-boxed elementor-section-height-default elementor-section-height-default\" data-id=\"70a7fe41\" data-element_type=\"section\">\n\t\t\t\t\t\t<div class=\"elementor-container elementor-column-gap-default\">\n\t\t\t\t\t<div class=\"elementor-column elementor-col-100 elementor-top-column elementor-element elementor-element-dc49522\" data-id=\"dc49522\" data-element_type=\"column\">\n\t\t\t<div class=\"elementor-widget-wrap elementor-element-populated\">\n\t\t\t\t\t\t<div class=\"elementor-element elementor-element-e7e7bb0 elementor-widget elementor-widget-text-editor\" data-id=\"e7e7bb0\" data-element_type=\"widget\" data-widget_type=\"text-editor.default\">\n\t\t\t\t<div class=\"elementor-widget-container\">\n\t\t\t\t\t\t\t\t\t\n<section class=\"elementor-section elementor-top-section elementor-element elementor-element-25305ad elementor-section-boxed elementor-section-height-default elementor-section-height-default\" data-id=\"25305ad\" data-element_type=\"section\">\n<div class=\"elementor-container elementor-column-gap-default\">\n<div class=\"elementor-row\">\n<div class=\"elementor-column elementor-col-100 elementor-top-column elementor-element elementor-element-34cca48\" data-id=\"34cca48\" data-element_type=\"column\">\n<div class=\"elementor-column-wrap elementor-element-populated\">\n<div class=\"elementor-widget-wrap\">\n<div class=\"elementor-element elementor-element-b791009 elementor-widget elementor-widget-heading\" data-id=\"b791009\" data-element_type=\"widget\" data-widget_type=\"heading.default\">\n<div class=\"elementor-widget-container\">\n<section class=\"elementor-section elementor-top-section elementor-element elementor-element-6f769d2 elementor-section-boxed elementor-section-height-default elementor-section-height-default\" data-id=\"6f769d2\" data-element_type=\"section\">\n<div class=\"elementor-container elementor-column-gap-default\">\n<div class=\"elementor-row\">\n<div class=\"elementor-column elementor-col-100 elementor-top-column elementor-element elementor-element-82d76b9\" data-id=\"82d76b9\" data-element_type=\"column\">\n<div class=\"elementor-column-wrap elementor-element-populated\">\n<div class=\"elementor-widget-wrap\">\n<div class=\"elementor-element elementor-element-3a30092 elementor-widget elementor-widget-heading\" data-id=\"3a30092\" data-element_type=\"widget\" data-widget_type=\"heading.default\">\n<div class=\"elementor-widget-container\">\n<h2 class=\"elementor-heading-title elementor-size-xl\"><span style=\"color: #0a0a0a;\">Descargo de responsabilidad<\/span><\/h2>\n<p> <\/p>\n<p>No se puede garantizar ganancias o rangos de ganancias. Se desconoce el n\u00famero de compradores que han ganado a trav\u00e9s de esta capacitaci\u00f3n un monto superior al monto de su pago por la capacitaci\u00f3n debido a la naturaleza \u00fanica de las propiedades e inversiones inmobiliarias.<\/p>\n<\/div>\n<\/div>\n<\/div>\n<\/div>\n<\/div>\n<\/div>\n<\/div>\n<\/section>\n<\/div>\n<\/div>\n<\/div>\n<\/div>\n<\/div>\n<\/div>\n<\/div>\n<\/section>\n\t\t\t\t\t\t\t\t<\/div>\n\t\t\t\t<\/div>\n\t\t\t\t<div class=\"elementor-element elementor-element-990117b elementor-widget elementor-widget-video\" data-id=\"990117b\" data-element_type=\"widget\" data-settings=\"{&quot;video_type&quot;:&quot;vimeo&quot;}\" data-widget_type=\"video.default\">\n\t\t\t\t<div class=\"elementor-widget-container\">\n\t\t\t\t\t\t\t<div class=\"elementor-wrapper elementor-open-inline\">\n\t\t\t<iframe class=\"elementor-video-iframe\" allowfullscreen allow=\"clipboard-write\" title=\"Reproductor de v\u00eddeo vimeo\" src=\"https:\/\/player.vimeo.com\/video\/382892507?color&amp;autopause=0&amp;loop=0&amp;muted=0&amp;title=1&amp;portrait=1&amp;byline=1#t=\"><\/iframe>\t\t<\/div>\n\t\t\t\t\t\t<\/div>\n\t\t\t\t<\/div>\n\t\t\t\t<div class=\"elementor-element elementor-element-acf7a86 elementor-widget elementor-widget-text-editor\" data-id=\"acf7a86\" data-element_type=\"widget\" data-widget_type=\"text-editor.default\">\n\t\t\t\t<div class=\"elementor-widget-container\">\n\t\t\t\t\t\t\t\t\tRobert Shemin.com no ofrece garant\u00edas en cuanto a los resultados, ganancias o ingresos relacionados con cualquiera de los servicios u ofertas que se encuentran en este sitio web, ya sean nuestros o de un tercero.\n\nLa informaci\u00f3n proporcionada, incluso a trav\u00e9s de cualquiera de nuestros servicios, programas u ofertas, est\u00e1 destinada \u00fanicamente a fines educativos o de entretenimiento, y no constituye una oportunidad para enriquecerse. Su uso de cualquier informaci\u00f3n que presentemos, incluso a trav\u00e9s de un programa o servicio que compre a trav\u00e9s de este sitio web, debe basarse en su propia diligencia debida y determinaci\u00f3n de que se ajusta al prop\u00f3sito para el que desea usarla.\n\nCierta informaci\u00f3n que se puede proporcionar en nuestro sitio web o en nuestros materiales puede incluir declaraciones a futuro dentro del significado de la Ley de Reforma de Litigios de Valores de 1995. Las declaraciones a futuro se relacionan con expectativas o pron\u00f3sticos de eventos futuros y pueden identificarse mediante el uso de las palabras \u00abestimar\u00bb, \u00abproyectar\u00bb, \u00abpredecir\u00bb, \u00abpronosticar\u00bb o palabras similares relacionadas con los resultados o posibilidades futuros esperados.\n\nCualquier declaraci\u00f3n prospectiva en nuestro sitio web o en nuestros materiales son expresiones de nuestra opini\u00f3n \u00fanicamente y no son garant\u00edas de que se lograr\u00e1 ning\u00fan resultado o resultado en particular.\n\nNo hacemos representaciones ni garant\u00edas de que obtendr\u00e1 ning\u00fan resultado o ganancia como resultado del uso de nuestros servicios o productos. Cualquier ejemplo o declaraci\u00f3n sobre ganancias o ingresos hecha por Robert Shemin. o sus anunciantes, patrocinadores o afiliados, se proporcionan solo como ejemplos o estimaciones de lo que creemos que podr\u00eda ser posible.\n\nUsted acepta que comprende que las estimaciones o los ejemplos proporcionados no garantizan de ninguna manera que lograr\u00e1 el mismo nivel o un nivel similar de resultados o ingresos, y que los resultados anteriores no reflejan los resultados promedio. No hacemos representaciones con respecto a los resultados promedio o las ganancias relacionadas con la informaci\u00f3n u ofertas que brindamos.\n\nAdem\u00e1s, no hay garant\u00eda de que los mismos individuos o cualquier otra persona, incluido usted, duplicar\u00e1n en el futuro los ejemplos de ganancias pasadas.\n\nUsted acepta que nosotros en Robert Shemin. incluidos nuestros anunciantes, patrocinadores y afiliados, no son responsables de sus resultados futuros, incluidos los \u00e9xitos o fracasos que experimente, ya sea directa o indirectamente relacionados con el uso de nuestra informaci\u00f3n.\n\nUsted acepta que los resultados var\u00edan seg\u00fan el individuo y se basan en una amplia variedad de factores que pueden incluir, entre otros, su habilidad, conocimiento, habilidad, dedicaci\u00f3n, conocimiento comercial, red y situaci\u00f3n financiera, entre otros factores, algunos de los cuales pueden ser m\u00e1s all\u00e1 de su influencia o control. Usted asume todos los riesgos relacionados con el uso que haga de cualquier informaci\u00f3n que presentemos y acepta que no somos responsables de sus acciones. La mayor\u00eda de las personas en los negocios y bienes ra\u00edces no siguen los sistemas ni se adhieren a ellos y muchos no ganan nada. Antes de comprar cualquier cosa, declaro que he le\u00eddo y entendido esto y asumo toda la responsabilidad por el \u00e9xito y los fracasos de mi negocio.\t\t\t\t\t\t\t\t<\/div>\n\t\t\t\t<\/div>\n\t\t\t\t\t<\/div>\n\t\t<\/div>\n\t\t\t\t\t<\/div>\n\t\t<\/section>\n\t\t\t\t<\/div>\n\t\t","protected":false},"excerpt":{"rendered":"<p>Descargo de responsabilidad No se puede garantizar ganancias o rangos de ganancias. Se desconoce el n\u00famero de compradores que han ganado a trav\u00e9s de esta capacitaci\u00f3n un monto superior al monto de su pago por la capacitaci\u00f3n debido a la naturaleza \u00fanica de las propiedades e inversiones inmobiliarias. https:\/\/player.vimeo.com\/video\/382892507?autoplay=1&#038;color&#038;autopause=0&#038;loop=0&#038;muted=0&#038;title=0&#038;portrait=0&#038;byline=0#t=Robert Shemin.com no ofrece garant\u00edas en cuanto [&hellip;]<\/p>\n","protected":false},"author":1,"featured_media":0,"parent":0,"menu_order":0,"comment_status":"closed","ping_status":"closed","template":"","meta":{"footnotes":""},"class_list":["post-1777","page","type-page","status-publish","hentry"],"_links":{"self":[{"href":"https:\/\/robertshemin.com\/es\/wp-json\/wp\/v2\/pages\/1777","targetHints":{"allow":["GET"]}}],"collection":[{"href":"https:\/\/robertshemin.com\/es\/wp-json\/wp\/v2\/pages"}],"about":[{"href":"https:\/\/robertshemin.com\/es\/wp-json\/wp\/v2\/types\/page"}],"author":[{"embeddable":true,"href":"https:\/\/robertshemin.com\/es\/wp-json\/wp\/v2\/users\/1"}],"replies":[{"embeddable":true,"href":"https:\/\/robertshemin.com\/es\/wp-json\/wp\/v2\/comments?post=1777"}],"version-history":[{"count":3,"href":"https:\/\/robertshemin.com\/es\/wp-json\/wp\/v2\/pages\/1777\/revisions"}],"predecessor-version":[{"id":1780,"href":"https:\/\/robertshemin.com\/es\/wp-json\/wp\/v2\/pages\/1777\/revisions\/1780"}],"wp:attachment":[{"href":"https:\/\/robertshemin.com\/es\/wp-json\/wp\/v2\/media?parent=1777"}],"curies":[{"name":"wp","href":"https:\/\/api.w.org\/{rel}","templated":true}]}}