{"id":1771,"date":"2021-09-06T19:01:32","date_gmt":"2021-09-06T19:01:32","guid":{"rendered":"https:\/\/robertshemin.com\/proyecto-x\/"},"modified":"2022-03-01T02:19:20","modified_gmt":"2022-03-01T02:19:20","slug":"proyecto-x","status":"publish","type":"page","link":"https:\/\/robertshemin.com\/es\/proyecto-x\/","title":{"rendered":"Proyecto X"},"content":{"rendered":"\t\t<div data-elementor-type=\"wp-page\" data-elementor-id=\"1771\" class=\"elementor elementor-1771\" data-elementor-post-type=\"page\">\n\t\t\t\t\t\t<section class=\"elementor-section elementor-top-section elementor-element elementor-element-077367c elementor-section-content-middle elementor-section-boxed elementor-section-height-default elementor-section-height-default elementor-invisible\" data-id=\"077367c\" data-element_type=\"section\" data-e-type=\"section\" data-settings=\"{&quot;background_background&quot;:&quot;classic&quot;,&quot;animation&quot;:&quot;fadeIn&quot;,&quot;animation_delay&quot;:1000}\">\n\t\t\t\t\t\t\t<div class=\"elementor-background-overlay\"><\/div>\n\t\t\t\t\t\t\t<div class=\"elementor-container elementor-column-gap-default\">\n\t\t\t\t\t<div class=\"elementor-column elementor-col-100 elementor-top-column elementor-element elementor-element-c7f15c9\" data-id=\"c7f15c9\" data-element_type=\"column\" data-e-type=\"column\">\n\t\t\t<div class=\"elementor-widget-wrap elementor-element-populated\">\n\t\t\t\t\t\t<div class=\"elementor-element elementor-element-e44956f elementor-widget elementor-widget-image\" data-id=\"e44956f\" data-element_type=\"widget\" data-e-type=\"widget\" data-widget_type=\"image.default\">\n\t\t\t\t<div class=\"elementor-widget-container\">\n\t\t\t\t\t\t\t\t\t\t\t\t\t\t\t<img fetchpriority=\"high\" decoding=\"async\" width=\"400\" height=\"130\" src=\"https:\/\/robertshemin.com\/wp-content\/uploads\/2021\/09\/project-x-logo.png\" class=\"attachment-large size-large wp-image-953\" alt=\"\" srcset=\"https:\/\/robertshemin.com\/wp-content\/uploads\/2021\/09\/project-x-logo.png 400w, https:\/\/robertshemin.com\/wp-content\/uploads\/2021\/09\/project-x-logo-300x98.png 300w\" sizes=\"(max-width: 400px) 100vw, 400px\" \/>\t\t\t\t\t\t\t\t\t\t\t\t\t\t\t<\/div>\n\t\t\t\t<\/div>\n\t\t\t\t<div class=\"elementor-element elementor-element-c43216f elementor-align-center elementor-widget__width-initial elementor-widget elementor-widget-button\" data-id=\"c43216f\" data-element_type=\"widget\" data-e-type=\"widget\" data-widget_type=\"button.default\">\n\t\t\t\t<div class=\"elementor-widget-container\">\n\t\t\t\t\t\t\t\t\t<div class=\"elementor-button-wrapper\">\n\t\t\t\t\t<a class=\"elementor-button elementor-button-link elementor-size-sm elementor-animation-float\" href=\"#elementor-action%3Aaction%3Dpopup%3Aopen%26settings%3DeyJpZCI6IjEzNjYiLCJ0b2dnbGUiOmZhbHNlfQ%3D%3D\" target=\"_blank\">\n\t\t\t\t\t\t<span class=\"elementor-button-content-wrapper\">\n\t\t\t\t\t\t\t\t\t<span class=\"elementor-button-text\">\u00a1OBTENGA ACCESO AHORA!<\/span>\n\t\t\t\t\t<\/span>\n\t\t\t\t\t<\/a>\n\t\t\t\t<\/div>\n\t\t\t\t\t\t\t\t<\/div>\n\t\t\t\t<\/div>\n\t\t\t\t<div class=\"elementor-element elementor-element-38c808e elementor-align-center elementor-widget__width-initial elementor-widget elementor-widget-button\" data-id=\"38c808e\" data-element_type=\"widget\" data-e-type=\"widget\" data-widget_type=\"button.default\">\n\t\t\t\t<div class=\"elementor-widget-container\">\n\t\t\t\t\t\t\t\t\t<div class=\"elementor-button-wrapper\">\n\t\t\t\t\t<a class=\"elementor-button elementor-button-link elementor-size-sm elementor-animation-float\" href=\"https:\/\/projectx.robertshemin.com\/login\/\" target=\"_blank\">\n\t\t\t\t\t\t<span class=\"elementor-button-content-wrapper\">\n\t\t\t\t\t\t<span class=\"elementor-button-icon\">\n\t\t\t\t<i aria-hidden=\"true\" class=\"hm hm-User-Circle\"><\/i>\t\t\t<\/span>\n\t\t\t\t\t\t\t\t\t<span class=\"elementor-button-text\">INICIO DE SESI\u00d3N DE MIEMBRO<\/span>\n\t\t\t\t\t<\/span>\n\t\t\t\t\t<\/a>\n\t\t\t\t<\/div>\n\t\t\t\t\t\t\t\t<\/div>\n\t\t\t\t<\/div>\n\t\t\t\t\t<\/div>\n\t\t<\/div>\n\t\t\t\t\t<\/div>\n\t\t<\/section>\n\t\t\t\t<section class=\"elementor-section elementor-top-section elementor-element elementor-element-05112de elementor-section-height-min-height elementor-section-items-stretch elementor-section-content-bottom elementor-section-boxed elementor-section-height-default\" data-id=\"05112de\" data-element_type=\"section\" data-e-type=\"section\">\n\t\t\t\t\t\t<div class=\"elementor-container elementor-column-gap-default\">\n\t\t\t\t\t<div class=\"elementor-column elementor-col-50 elementor-top-column elementor-element elementor-element-e315176\" data-id=\"e315176\" data-element_type=\"column\" data-e-type=\"column\">\n\t\t\t<div class=\"elementor-widget-wrap elementor-element-populated\">\n\t\t\t\t\t\t<div class=\"elementor-element elementor-element-3ace53b elementor-widget elementor-widget-heading\" data-id=\"3ace53b\" data-element_type=\"widget\" data-e-type=\"widget\" data-widget_type=\"heading.default\">\n\t\t\t\t<div class=\"elementor-widget-container\">\n\t\t\t\t\t<h2 class=\"elementor-heading-title elementor-size-default\">\u00bfQu\u00e9 es el Proyecto X?\n<\/h2>\t\t\t\t<\/div>\n\t\t\t\t<\/div>\n\t\t\t\t<div class=\"elementor-element elementor-element-b9b8991 elementor-widget elementor-widget-heading\" data-id=\"b9b8991\" data-element_type=\"widget\" data-e-type=\"widget\" data-widget_type=\"heading.default\">\n\t\t\t\t<div class=\"elementor-widget-container\">\n\t\t\t\t\t<h2 class=\"elementor-heading-title elementor-size-default\">Un programa de capacitaci\u00f3n en bienes ra\u00edces altamente intensivo \"Pr\u00e1ctico\" ENFOCADO \u00daNICAMENTE EN USTED haciendo ofertas y cerrando tratos.\n\n<\/h2>\t\t\t\t<\/div>\n\t\t\t\t<\/div>\n\t\t\t\t<div class=\"elementor-element elementor-element-612cea6 elementor-icon-list--layout-traditional elementor-list-item-link-full_width elementor-widget elementor-widget-icon-list\" data-id=\"612cea6\" data-element_type=\"widget\" data-e-type=\"widget\" data-widget_type=\"icon-list.default\">\n\t\t\t\t<div class=\"elementor-widget-container\">\n\t\t\t\t\t\t\t<ul class=\"elementor-icon-list-items\">\n\t\t\t\t\t\t\t<li class=\"elementor-icon-list-item\">\n\t\t\t\t\t\t\t\t\t\t\t<span class=\"elementor-icon-list-icon\">\n\t\t\t\t\t\t\t<i aria-hidden=\"true\" class=\"far fa-check-square\"><\/i>\t\t\t\t\t\t<\/span>\n\t\t\t\t\t\t\t\t\t\t<span class=\"elementor-icon-list-text\">Esto no es teor\u00eda <\/span>\n\t\t\t\t\t\t\t\t\t<\/li>\n\t\t\t\t\t\t\t\t<li class=\"elementor-icon-list-item\">\n\t\t\t\t\t\t\t\t\t\t\t<span class=\"elementor-icon-list-icon\">\n\t\t\t\t\t\t\t<i aria-hidden=\"true\" class=\"far fa-check-square\"><\/i>\t\t\t\t\t\t<\/span>\n\t\t\t\t\t\t\t\t\t\t<span class=\"elementor-icon-list-text\">esto est\u00e1 haciendo <\/span>\n\t\t\t\t\t\t\t\t\t<\/li>\n\t\t\t\t\t\t\t\t<li class=\"elementor-icon-list-item\">\n\t\t\t\t\t\t\t\t\t\t\t<span class=\"elementor-icon-list-icon\">\n\t\t\t\t\t\t\t<i aria-hidden=\"true\" class=\"far fa-check-square\"><\/i>\t\t\t\t\t\t<\/span>\n\t\t\t\t\t\t\t\t\t\t<span class=\"elementor-icon-list-text\">Se trata de resultados<\/span>\n\t\t\t\t\t\t\t\t\t<\/li>\n\t\t\t\t\t\t<\/ul>\n\t\t\t\t\t\t<\/div>\n\t\t\t\t<\/div>\n\t\t\t\t<div class=\"elementor-element elementor-element-175d3cc elementor-align-left elementor-widget__width-initial elementor-widget elementor-widget-button\" data-id=\"175d3cc\" data-element_type=\"widget\" data-e-type=\"widget\" data-widget_type=\"button.default\">\n\t\t\t\t<div class=\"elementor-widget-container\">\n\t\t\t\t\t\t\t\t\t<div class=\"elementor-button-wrapper\">\n\t\t\t\t\t<a class=\"elementor-button elementor-button-link elementor-size-sm elementor-animation-float\" href=\"#elementor-action%3Aaction%3Dpopup%3Aopen%26settings%3DeyJpZCI6IjEzNjYiLCJ0b2dnbGUiOmZhbHNlfQ%3D%3D\" target=\"_blank\">\n\t\t\t\t\t\t<span class=\"elementor-button-content-wrapper\">\n\t\t\t\t\t\t\t\t\t<span class=\"elementor-button-text\">\u00a1OBTENGA ACCESO AHORA!<\/span>\n\t\t\t\t\t<\/span>\n\t\t\t\t\t<\/a>\n\t\t\t\t<\/div>\n\t\t\t\t\t\t\t\t<\/div>\n\t\t\t\t<\/div>\n\t\t\t\t\t<\/div>\n\t\t<\/div>\n\t\t\t\t<div class=\"elementor-column elementor-col-50 elementor-top-column elementor-element elementor-element-947f18e\" data-id=\"947f18e\" data-element_type=\"column\" data-e-type=\"column\">\n\t\t\t<div class=\"elementor-widget-wrap elementor-element-populated\">\n\t\t\t\t\t\t<div class=\"elementor-element elementor-element-4de9528 elementor-widget elementor-widget-image\" data-id=\"4de9528\" data-element_type=\"widget\" data-e-type=\"widget\" data-widget_type=\"image.default\">\n\t\t\t\t<div class=\"elementor-widget-container\">\n\t\t\t\t\t\t\t\t\t\t\t\t\t\t\t<img decoding=\"async\" width=\"612\" height=\"408\" src=\"https:\/\/robertshemin.com\/wp-content\/uploads\/2021\/09\/IMG_7572-removebg-preview.png\" class=\"attachment-large size-large wp-image-949\" alt=\"\" srcset=\"https:\/\/robertshemin.com\/wp-content\/uploads\/2021\/09\/IMG_7572-removebg-preview.png 612w, https:\/\/robertshemin.com\/wp-content\/uploads\/2021\/09\/IMG_7572-removebg-preview-300x200.png 300w\" sizes=\"(max-width: 612px) 100vw, 612px\" \/>\t\t\t\t\t\t\t\t\t\t\t\t\t\t\t<\/div>\n\t\t\t\t<\/div>\n\t\t\t\t\t<\/div>\n\t\t<\/div>\n\t\t\t\t\t<\/div>\n\t\t<\/section>\n\t\t\t\t<section class=\"elementor-section elementor-top-section elementor-element elementor-element-bc3cc2e elementor-section-boxed elementor-section-height-default elementor-section-height-default\" data-id=\"bc3cc2e\" data-element_type=\"section\" data-e-type=\"section\" data-settings=\"{&quot;background_background&quot;:&quot;gradient&quot;}\">\n\t\t\t\t\t\t<div class=\"elementor-container elementor-column-gap-default\">\n\t\t\t\t\t<div class=\"elementor-column elementor-col-100 elementor-top-column elementor-element elementor-element-e590cef\" data-id=\"e590cef\" data-element_type=\"column\" data-e-type=\"column\">\n\t\t\t<div class=\"elementor-widget-wrap elementor-element-populated\">\n\t\t\t\t\t\t<div class=\"elementor-element elementor-element-6d54386 elementor-widget elementor-widget-video\" data-id=\"6d54386\" data-element_type=\"widget\" data-e-type=\"widget\" data-settings=\"{&quot;video_type&quot;:&quot;vimeo&quot;,&quot;show_image_overlay&quot;:&quot;yes&quot;,&quot;image_overlay&quot;:{&quot;url&quot;:&quot;https:\\\/\\\/robertshemin.com\\\/wp-content\\\/uploads\\\/2021\\\/09\\\/projectx-Robert-Shemin.jpeg&quot;,&quot;id&quot;:958,&quot;size&quot;:&quot;&quot;,&quot;alt&quot;:&quot;&quot;,&quot;source&quot;:&quot;library&quot;}}\" data-widget_type=\"video.default\">\n\t\t\t\t<div class=\"elementor-widget-container\">\n\t\t\t\t\t\t\t<div class=\"elementor-wrapper elementor-open-inline\">\n\t\t\t<iframe class=\"elementor-video-iframe\" allowfullscreen allow=\"clipboard-write\" title=\"Reproductor de v\u00eddeo vimeo\" src=\"https:\/\/player.vimeo.com\/video\/220348260?color&amp;autopause=0&amp;loop=0&amp;muted=0&amp;title=0&amp;portrait=0&amp;byline=0#t=\"><\/iframe>\t\t\t\t<div class=\"elementor-custom-embed-image-overlay\" style=\"background-image: url(https:\/\/robertshemin.com\/wp-content\/uploads\/2021\/09\/projectx-Robert-Shemin.jpeg);\">\n\t\t\t\t\t\t\t\t\t\t\t\t\t\t\t\t<div class=\"elementor-custom-embed-play\" role=\"button\" aria-label=\"Reproducir v\u00eddeo\" tabindex=\"0\">\n\t\t\t\t\t\t\t<i aria-hidden=\"true\" class=\"eicon-play\"><\/i>\t\t\t\t\t\t<\/div>\n\t\t\t\t\t\t\t\t\t<\/div>\n\t\t\t\t\t<\/div>\n\t\t\t\t\t\t<\/div>\n\t\t\t\t<\/div>\n\t\t\t\t\t<\/div>\n\t\t<\/div>\n\t\t\t\t\t<\/div>\n\t\t<\/section>\n\t\t\t\t<section class=\"elementor-section elementor-top-section elementor-element elementor-element-58ce4a4 elementor-section-boxed elementor-section-height-default elementor-section-height-default\" data-id=\"58ce4a4\" data-element_type=\"section\" data-e-type=\"section\" data-settings=\"{&quot;background_background&quot;:&quot;gradient&quot;}\">\n\t\t\t\t\t\t<div class=\"elementor-container elementor-column-gap-default\">\n\t\t\t\t\t<div class=\"elementor-column elementor-col-100 elementor-top-column elementor-element elementor-element-56fa746\" data-id=\"56fa746\" data-element_type=\"column\" data-e-type=\"column\">\n\t\t\t<div class=\"elementor-widget-wrap\">\n\t\t\t\t\t\t\t<\/div>\n\t\t<\/div>\n\t\t\t\t\t<\/div>\n\t\t<\/section>\n\t\t\t\t<section class=\"elementor-section elementor-top-section elementor-element elementor-element-36c29c1 elementor-section-boxed elementor-section-height-default elementor-section-height-default\" data-id=\"36c29c1\" data-element_type=\"section\" data-e-type=\"section\">\n\t\t\t\t\t\t<div class=\"elementor-container elementor-column-gap-default\">\n\t\t\t\t\t<div class=\"elementor-column elementor-col-100 elementor-top-column elementor-element elementor-element-83e12fb\" data-id=\"83e12fb\" data-element_type=\"column\" data-e-type=\"column\">\n\t\t\t<div class=\"elementor-widget-wrap\">\n\t\t\t\t\t\t\t<\/div>\n\t\t<\/div>\n\t\t\t\t\t<\/div>\n\t\t<\/section>\n\t\t\t\t<section class=\"elementor-section elementor-top-section elementor-element elementor-element-fd8d7c8 elementor-section-full_width elementor-section-height-min-height elementor-section-height-default elementor-section-items-middle\" data-id=\"fd8d7c8\" data-element_type=\"section\" data-e-type=\"section\" data-settings=\"{&quot;background_background&quot;:&quot;classic&quot;}\">\n\t\t\t\t\t\t\t<div class=\"elementor-background-overlay\"><\/div>\n\t\t\t\t\t\t\t<div class=\"elementor-container elementor-column-gap-default\">\n\t\t\t\t\t<div class=\"elementor-column elementor-col-100 elementor-top-column elementor-element elementor-element-adbc1c7\" data-id=\"adbc1c7\" data-element_type=\"column\" data-e-type=\"column\">\n\t\t\t<div class=\"elementor-widget-wrap elementor-element-populated\">\n\t\t\t\t\t\t<div class=\"elementor-element elementor-element-87adea2 elementor-widget elementor-widget-image\" data-id=\"87adea2\" data-element_type=\"widget\" data-e-type=\"widget\" data-widget_type=\"image.default\">\n\t\t\t\t<div class=\"elementor-widget-container\">\n\t\t\t\t\t\t\t\t\t\t\t\t\t\t\t<img fetchpriority=\"high\" decoding=\"async\" width=\"400\" height=\"130\" src=\"https:\/\/robertshemin.com\/wp-content\/uploads\/2021\/09\/project-x-logo.png\" class=\"attachment-large size-large wp-image-953\" alt=\"\" srcset=\"https:\/\/robertshemin.com\/wp-content\/uploads\/2021\/09\/project-x-logo.png 400w, https:\/\/robertshemin.com\/wp-content\/uploads\/2021\/09\/project-x-logo-300x98.png 300w\" sizes=\"(max-width: 400px) 100vw, 400px\" \/>\t\t\t\t\t\t\t\t\t\t\t\t\t\t\t<\/div>\n\t\t\t\t<\/div>\n\t\t\t\t\t<\/div>\n\t\t<\/div>\n\t\t\t\t\t<\/div>\n\t\t<\/section>\n\t\t\t\t<section class=\"elementor-section elementor-top-section elementor-element elementor-element-6a24772 elementor-section-boxed elementor-section-height-default elementor-section-height-default\" data-id=\"6a24772\" data-element_type=\"section\" data-e-type=\"section\">\n\t\t\t\t\t\t<div class=\"elementor-container elementor-column-gap-default\">\n\t\t\t\t\t<div class=\"elementor-column elementor-col-100 elementor-top-column elementor-element elementor-element-8a7a867\" data-id=\"8a7a867\" data-element_type=\"column\" data-e-type=\"column\">\n\t\t\t<div class=\"elementor-widget-wrap elementor-element-populated\">\n\t\t\t\t\t\t<div class=\"elementor-element elementor-element-47d4f0f elementor-widget elementor-widget-heading\" data-id=\"47d4f0f\" data-element_type=\"widget\" data-e-type=\"widget\" data-widget_type=\"heading.default\">\n\t\t\t\t<div class=\"elementor-widget-container\">\n\t\t\t\t\t<h2 class=\"elementor-heading-title elementor-size-default\">\u00bfQu\u00e9 es el Proyecto X?\n<\/h2>\t\t\t\t<\/div>\n\t\t\t\t<\/div>\n\t\t\t\t<div class=\"elementor-element elementor-element-04229b3 elementor-widget elementor-widget-text-editor\" data-id=\"04229b3\" data-element_type=\"widget\" data-e-type=\"widget\" data-widget_type=\"text-editor.default\">\n\t\t\t\t<div class=\"elementor-widget-container\">\n\t\t\t\t\t\t\t\t\t<p>Durante las \u00faltimas dos d\u00e9cadas, Robert ha hablado en cientos de seminarios y talleres, y asisti\u00f3 a docenas como estudiante de otros supuestos expertos. Vio que la gente gastaba m\u00e1s de $20,000 a $40,000 en algunos de estos programas.<\/p><p>Cuando Robert les pregunt\u00f3 a los estudiantes si estaban contentos con lo que pagaron, casi todos respondieron \u201cS\u00ed\u201d. Pero cuando Robert les pregunt\u00f3 cu\u00e1ntos tratos hab\u00edan cerrado, muchos dijeron que no hab\u00eda nadie que los tomara de la mano en el proceso, dijeron que todav\u00eda se sent\u00edan abrumados, confundidos y que no hab\u00eda nadie a quien acudir.<\/p><p>Por eso naci\u00f3 el Proyecto X. Robert no solo quer\u00eda ense\u00f1ar; quer\u00eda hacer todo lo posible para ayudar a las personas a hacer tratos y convertirse en un inversionista inmobiliario exitoso como \u00e9l.<\/p><p>Para que las personas superen su sensaci\u00f3n de estar confundidas y abrumadas por demasiado material, Robert se dio cuenta de que iba a tener que crear un programa revolucionario que requerir\u00eda mucha ayuda y entrenadores de la m\u00e1s alta calidad y un sistema de capacitaci\u00f3n en l\u00ednea.<\/p><p>Para que las personas superen su sensaci\u00f3n de estar confundidas y abrumadas por demasiado material, Robert se dio cuenta de que tendr\u00eda que crear un programa revolucionario que requerir\u00eda mucha ayuda y entrenadores de la m\u00e1s alta calidad y un sistema de capacitaci\u00f3n en l\u00ednea.<\/p><p>Por lo tanto, Robert consult\u00f3 a los principales consultores de \u00abResultados\u00bb del mundo y decidi\u00f3 modelar el Proyecto X en funci\u00f3n de sus modelos.<\/p>\t\t\t\t\t\t\t\t<\/div>\n\t\t\t\t<\/div>\n\t\t\t\t\t<\/div>\n\t\t<\/div>\n\t\t\t\t\t<\/div>\n\t\t<\/section>\n\t\t\t\t<section class=\"elementor-section elementor-top-section elementor-element elementor-element-0195afd elementor-section-boxed elementor-section-height-default elementor-section-height-default\" data-id=\"0195afd\" data-element_type=\"section\" data-e-type=\"section\" data-settings=\"{&quot;background_background&quot;:&quot;gradient&quot;}\">\n\t\t\t\t\t\t<div class=\"elementor-container elementor-column-gap-default\">\n\t\t\t\t\t<div class=\"elementor-column elementor-col-100 elementor-top-column elementor-element elementor-element-0be7e08\" data-id=\"0be7e08\" data-element_type=\"column\" data-e-type=\"column\">\n\t\t\t<div class=\"elementor-widget-wrap\">\n\t\t\t\t\t\t\t<\/div>\n\t\t<\/div>\n\t\t\t\t\t<\/div>\n\t\t<\/section>\n\t\t\t\t<section class=\"elementor-section elementor-top-section elementor-element elementor-element-013ea83 elementor-section-boxed elementor-section-height-default elementor-section-height-default\" data-id=\"013ea83\" data-element_type=\"section\" data-e-type=\"section\">\n\t\t\t\t\t\t<div class=\"elementor-container elementor-column-gap-default\">\n\t\t\t\t\t<div class=\"elementor-column elementor-col-100 elementor-top-column elementor-element elementor-element-446ed51\" data-id=\"446ed51\" data-element_type=\"column\" data-e-type=\"column\">\n\t\t\t<div class=\"elementor-widget-wrap elementor-element-populated\">\n\t\t\t\t\t\t<div class=\"elementor-element elementor-element-d1d5432 elementor-widget elementor-widget-heading\" data-id=\"d1d5432\" data-element_type=\"widget\" data-e-type=\"widget\" data-widget_type=\"heading.default\">\n\t\t\t\t<div class=\"elementor-widget-container\">\n\t\t\t\t\t<h2 class=\"elementor-heading-title elementor-size-default\">Descargo de responsabilidad<\/h2>\t\t\t\t<\/div>\n\t\t\t\t<\/div>\n\t\t\t\t<div class=\"elementor-element elementor-element-12a68d0 elementor-widget elementor-widget-heading\" data-id=\"12a68d0\" data-element_type=\"widget\" data-e-type=\"widget\" data-widget_type=\"heading.default\">\n\t\t\t\t<div class=\"elementor-widget-container\">\n\t\t\t\t\t<h2 class=\"elementor-heading-title elementor-size-default\">No se puede garantizar ganancias o rangos de ganancias. Se desconoce el n\u00famero de compradores que han ganado a trav\u00e9s de esta capacitaci\u00f3n un monto superior al monto de su pago por la capacitaci\u00f3n debido a la naturaleza \u00fanica de las propiedades e inversiones inmobiliarias.\n\n<\/h2>\t\t\t\t<\/div>\n\t\t\t\t<\/div>\n\t\t\t\t\t<\/div>\n\t\t<\/div>\n\t\t\t\t\t<\/div>\n\t\t<\/section>\n\t\t\t\t<\/div>\n\t\t","protected":false},"excerpt":{"rendered":"<p>\u00a1OBTENGA ACCESO AHORA! INICIO DE SESI\u00d3N DE MIEMBRO \u00bfQu\u00e9 es el Proyecto X? Un programa de capacitaci\u00f3n en bienes ra\u00edces altamente intensivo \u00abPr\u00e1ctico\u00bb ENFOCADO \u00daNICAMENTE EN USTED haciendo ofertas y cerrando tratos. Esto no es teor\u00eda esto est\u00e1 haciendo Se trata de resultados \u00a1OBTENGA ACCESO AHORA! \u00bfQu\u00e9 es el Proyecto X? Taller de 2 d\u00edas [&hellip;]<\/p>\n","protected":false},"author":1,"featured_media":0,"parent":0,"menu_order":0,"comment_status":"closed","ping_status":"closed","template":"","meta":{"footnotes":""},"class_list":["post-1771","page","type-page","status-publish","hentry"],"_links":{"self":[{"href":"https:\/\/robertshemin.com\/es\/wp-json\/wp\/v2\/pages\/1771","targetHints":{"allow":["GET"]}}],"collection":[{"href":"https:\/\/robertshemin.com\/es\/wp-json\/wp\/v2\/pages"}],"about":[{"href":"https:\/\/robertshemin.com\/es\/wp-json\/wp\/v2\/types\/page"}],"author":[{"embeddable":true,"href":"https:\/\/robertshemin.com\/es\/wp-json\/wp\/v2\/users\/1"}],"replies":[{"embeddable":true,"href":"https:\/\/robertshemin.com\/es\/wp-json\/wp\/v2\/comments?post=1771"}],"version-history":[{"count":8,"href":"https:\/\/robertshemin.com\/es\/wp-json\/wp\/v2\/pages\/1771\/revisions"}],"predecessor-version":[{"id":1868,"href":"https:\/\/robertshemin.com\/es\/wp-json\/wp\/v2\/pages\/1771\/revisions\/1868"}],"wp:attachment":[{"href":"https:\/\/robertshemin.com\/es\/wp-json\/wp\/v2\/media?parent=1771"}],"curies":[{"name":"wp","href":"https:\/\/api.w.org\/{rel}","templated":true}]}}