{"id":1767,"date":"2021-09-08T19:00:33","date_gmt":"2021-09-08T19:00:33","guid":{"rendered":"https:\/\/robertshemin.com\/devolviendo\/"},"modified":"2022-02-28T23:13:55","modified_gmt":"2022-02-28T23:13:55","slug":"devolviendo","status":"publish","type":"page","link":"https:\/\/robertshemin.com\/es\/devolviendo\/","title":{"rendered":"Devolviendo"},"content":{"rendered":"\t\t<div data-elementor-type=\"wp-page\" data-elementor-id=\"1767\" class=\"elementor elementor-1767\" data-elementor-post-type=\"page\">\n\t\t\t\t\t\t<section class=\"elementor-section elementor-top-section elementor-element elementor-element-5834ef9 elementor-section-height-min-height elementor-section-boxed elementor-section-height-default elementor-section-items-middle elementor-invisible\" data-id=\"5834ef9\" data-element_type=\"section\" data-settings=\"{&quot;background_background&quot;:&quot;classic&quot;,&quot;animation&quot;:&quot;fadeIn&quot;,&quot;animation_delay&quot;:1000}\">\n\t\t\t\t\t\t\t<div class=\"elementor-background-overlay\"><\/div>\n\t\t\t\t\t\t\t<div class=\"elementor-container elementor-column-gap-default\">\n\t\t\t\t\t<div class=\"elementor-column elementor-col-100 elementor-top-column elementor-element elementor-element-12d7cea\" data-id=\"12d7cea\" data-element_type=\"column\">\n\t\t\t<div class=\"elementor-widget-wrap elementor-element-populated\">\n\t\t\t\t\t\t<div class=\"elementor-element elementor-element-78fbde6 elementor-widget elementor-widget-heading\" data-id=\"78fbde6\" data-element_type=\"widget\" data-widget_type=\"heading.default\">\n\t\t\t\t<div class=\"elementor-widget-container\">\n\t\t\t\t\t<h2 class=\"elementor-heading-title elementor-size-default\">Devolviendo<\/h2>\t\t\t\t<\/div>\n\t\t\t\t<\/div>\n\t\t\t\t\t<\/div>\n\t\t<\/div>\n\t\t\t\t\t<\/div>\n\t\t<\/section>\n\t\t\t\t<section class=\"elementor-section elementor-top-section elementor-element elementor-element-73a5719 elementor-section-boxed elementor-section-height-default elementor-section-height-default\" data-id=\"73a5719\" data-element_type=\"section\">\n\t\t\t\t\t\t<div class=\"elementor-container elementor-column-gap-default\">\n\t\t\t\t\t<div class=\"elementor-column elementor-col-100 elementor-top-column elementor-element elementor-element-9c96c48\" data-id=\"9c96c48\" data-element_type=\"column\">\n\t\t\t<div class=\"elementor-widget-wrap elementor-element-populated\">\n\t\t\t\t\t\t<div class=\"elementor-element elementor-element-e5fc4d2 elementor-widget elementor-widget-heading\" data-id=\"e5fc4d2\" data-element_type=\"widget\" data-widget_type=\"heading.default\">\n\t\t\t\t<div class=\"elementor-widget-container\">\n\t\t\t\t\t<h2 class=\"elementor-heading-title elementor-size-default\">Fundaci\u00f3n Brazos Abiertos\n<\/h2>\t\t\t\t<\/div>\n\t\t\t\t<\/div>\n\t\t\t\t<div class=\"elementor-element elementor-element-a3ef437 elementor-widget elementor-widget-heading\" data-id=\"a3ef437\" data-element_type=\"widget\" data-widget_type=\"heading.default\">\n\t\t\t\t<div class=\"elementor-widget-container\">\n\t\t\t\t\t<h2 class=\"elementor-heading-title elementor-size-default\">Robert Shemin es uno de los principales donantes de la Fundaci\u00f3n Brazos Abiertos en Colombia. Esta organizaci\u00f3n cristiana rescata a ni\u00f1os de la calle y les brinda la oportunidad de desarrollar una vida saludable y productiva a trav\u00e9s de la prevenci\u00f3n, la educaci\u00f3n y la resocializaci\u00f3n.\n\n<\/h2>\t\t\t\t<\/div>\n\t\t\t\t<\/div>\n\t\t\t\t<div class=\"elementor-element elementor-element-1a627b2 elementor-widget elementor-widget-heading\" data-id=\"1a627b2\" data-element_type=\"widget\" data-widget_type=\"heading.default\">\n\t\t\t\t<div class=\"elementor-widget-container\">\n\t\t\t\t\t<h2 class=\"elementor-heading-title elementor-size-default\">Si desea saber m\u00e1s sobre la Fundaci\u00f3n Brazos Abiertos, o si desea unirse a Robert Shemin para apoyar su trabajo.\n\n<\/h2>\t\t\t\t<\/div>\n\t\t\t\t<\/div>\n\t\t\t\t\t<\/div>\n\t\t<\/div>\n\t\t\t\t\t<\/div>\n\t\t<\/section>\n\t\t\t\t<section class=\"elementor-section elementor-top-section elementor-element elementor-element-0c750f0 elementor-section-boxed elementor-section-height-default elementor-section-height-default\" data-id=\"0c750f0\" data-element_type=\"section\" data-settings=\"{&quot;background_background&quot;:&quot;gradient&quot;}\">\n\t\t\t\t\t\t<div class=\"elementor-container elementor-column-gap-default\">\n\t\t\t\t\t<div class=\"elementor-column elementor-col-100 elementor-top-column elementor-element elementor-element-2a69679\" data-id=\"2a69679\" data-element_type=\"column\">\n\t\t\t<div class=\"elementor-widget-wrap elementor-element-populated\">\n\t\t\t\t\t\t<div class=\"elementor-element elementor-element-e3efbb8 elementor-widget elementor-widget-heading\" data-id=\"e3efbb8\" data-element_type=\"widget\" data-widget_type=\"heading.default\">\n\t\t\t\t<div class=\"elementor-widget-container\">\n\t\t\t\t\t<h2 class=\"elementor-heading-title elementor-size-default\">casa de esther <\/h2>\t\t\t\t<\/div>\n\t\t\t\t<\/div>\n\t\t\t\t<div class=\"elementor-element elementor-element-0cdc8b8 elementor-widget elementor-widget-heading\" data-id=\"0cdc8b8\" data-element_type=\"widget\" data-widget_type=\"heading.default\">\n\t\t\t\t<div class=\"elementor-widget-container\">\n\t\t\t\t\t<h2 class=\"elementor-heading-title elementor-size-default\">Esta es una fundaci\u00f3n que salva a las madres y sus beb\u00e9s de las calles. Los apoyan con educaci\u00f3n sobre vivienda y comenzando sus propios negocios.<\/h2>\t\t\t\t<\/div>\n\t\t\t\t<\/div>\n\t\t\t\t\t<\/div>\n\t\t<\/div>\n\t\t\t\t\t<\/div>\n\t\t<\/section>\n\t\t\t\t<section class=\"elementor-section elementor-top-section elementor-element elementor-element-ac90e26 elementor-section-boxed elementor-section-height-default elementor-section-height-default\" data-id=\"ac90e26\" data-element_type=\"section\" data-settings=\"{&quot;background_background&quot;:&quot;classic&quot;}\">\n\t\t\t\t\t\t<div class=\"elementor-container elementor-column-gap-default\">\n\t\t\t\t\t<div class=\"elementor-column elementor-col-100 elementor-top-column elementor-element elementor-element-994c385\" data-id=\"994c385\" data-element_type=\"column\">\n\t\t\t<div class=\"elementor-widget-wrap elementor-element-populated\">\n\t\t\t\t\t\t<div class=\"elementor-element elementor-element-b866eb0 elementor-widget elementor-widget-heading\" data-id=\"b866eb0\" data-element_type=\"widget\" data-widget_type=\"heading.default\">\n\t\t\t\t<div class=\"elementor-widget-container\">\n\t\t\t\t\t<h2 class=\"elementor-heading-title elementor-size-default\">Liga de Finanzas Estudiantiles\n<\/h2>\t\t\t\t<\/div>\n\t\t\t\t<\/div>\n\t\t\t\t<div class=\"elementor-element elementor-element-d6360e6 elementor-widget elementor-widget-heading\" data-id=\"d6360e6\" data-element_type=\"widget\" data-widget_type=\"heading.default\">\n\t\t\t\t<div class=\"elementor-widget-container\">\n\t\t\t\t\t<h2 class=\"elementor-heading-title elementor-size-default\">Robert Shemin tambi\u00e9n ayuda a financiar la Student Finance League (SFL) en Miami, Florida. Es una organizaci\u00f3n sin fines de lucro que ense\u00f1a educaci\u00f3n financiera y aplicaciones comerciales a j\u00f3venes en riesgo, ayud\u00e1ndolos a desarrollar habilidades pr\u00e1cticas para la vida. La SFL enfatiza la gesti\u00f3n inteligente del capital, el esp\u00edritu emprendedor y la responsabilidad personal.\n\n<\/h2>\t\t\t\t<\/div>\n\t\t\t\t<\/div>\n\t\t\t\t<div class=\"elementor-element elementor-element-7b5eba2 elementor-widget elementor-widget-text-editor\" data-id=\"7b5eba2\" data-element_type=\"widget\" data-widget_type=\"text-editor.default\">\n\t\t\t\t<div class=\"elementor-widget-container\">\n\t\t\t\t\t\t\t\t\t<p>Si desea saber m\u00e1s sobre Student Finance League, o si desea unirse a Robert para apoyar su trabajo, visite su sitio web: <strong><span style=\"color: #000000;\"><a style=\"color: #000000;\" href=\"http:\/\/www.studentfinanceleague.org\" target=\"_blank\" rel=\"noopener\">www.studentfinanceleague.org<\/a><\/span><\/strong><\/p>\t\t\t\t\t\t\t\t<\/div>\n\t\t\t\t<\/div>\n\t\t\t\t\t<\/div>\n\t\t<\/div>\n\t\t\t\t\t<\/div>\n\t\t<\/section>\n\t\t\t\t<\/div>\n\t\t","protected":false},"excerpt":{"rendered":"<p>Devolviendo Fundaci\u00f3n Brazos Abiertos Robert Shemin es uno de los principales donantes de la Fundaci\u00f3n Brazos Abiertos en Colombia. Esta organizaci\u00f3n cristiana rescata a ni\u00f1os de la calle y les brinda la oportunidad de desarrollar una vida saludable y productiva a trav\u00e9s de la prevenci\u00f3n, la educaci\u00f3n y la resocializaci\u00f3n. Si desea saber m\u00e1s sobre [&hellip;]<\/p>\n","protected":false},"author":1,"featured_media":0,"parent":0,"menu_order":0,"comment_status":"closed","ping_status":"closed","template":"","meta":{"footnotes":""},"class_list":["post-1767","page","type-page","status-publish","hentry"],"_links":{"self":[{"href":"https:\/\/robertshemin.com\/es\/wp-json\/wp\/v2\/pages\/1767","targetHints":{"allow":["GET"]}}],"collection":[{"href":"https:\/\/robertshemin.com\/es\/wp-json\/wp\/v2\/pages"}],"about":[{"href":"https:\/\/robertshemin.com\/es\/wp-json\/wp\/v2\/types\/page"}],"author":[{"embeddable":true,"href":"https:\/\/robertshemin.com\/es\/wp-json\/wp\/v2\/users\/1"}],"replies":[{"embeddable":true,"href":"https:\/\/robertshemin.com\/es\/wp-json\/wp\/v2\/comments?post=1767"}],"version-history":[{"count":1,"href":"https:\/\/robertshemin.com\/es\/wp-json\/wp\/v2\/pages\/1767\/revisions"}],"predecessor-version":[{"id":1768,"href":"https:\/\/robertshemin.com\/es\/wp-json\/wp\/v2\/pages\/1767\/revisions\/1768"}],"wp:attachment":[{"href":"https:\/\/robertshemin.com\/es\/wp-json\/wp\/v2\/media?parent=1767"}],"curies":[{"name":"wp","href":"https:\/\/api.w.org\/{rel}","templated":true}]}}